{"id":341,"date":"2020-02-13T20:54:13","date_gmt":"2020-02-13T20:54:13","guid":{"rendered":"https:\/\/charlesdg.com\/?page_id=341"},"modified":"2020-02-14T17:17:41","modified_gmt":"2020-02-14T17:17:41","slug":"musculoskeletal-clinical-issues-during-pregnancy","status":"publish","type":"page","link":"https:\/\/charlesdg.com\/?page_id=341","title":{"rendered":"Musculoskeletal clinical issues during pregnancy"},"content":{"rendered":"<p><strong>PREGNANCY<\/strong><\/p>\n<p>This is the first of a series of two articles regarding musculoskeletal clinical issues and phycological change in the women body during and after pregnancy and how exercises can help to reduces the symptom of these ones.<\/p>\n<p>The aim of this article is to answer questions that some women may have and help them to find solution to some recurrent pregnancy problem through exercises. In any case, if you are pregnant, GO SEE your doctor BEFORE engaging any kind of physical activity.\u00a0 I\u2019m not a doctor and this article only relate the most relevant finding regarding pregnancy and the effect of physical activity during and after the gestational period.<\/p>\n<p><span style=\"text-decoration: underline;\">Pelvic girdle pain and low back pain<\/span><\/p>\n<p>Pelvic girdle pain (PGP) is pain experienced between the posterior iliac crest and the gluteal fold, particularly in the vicinity of the sacroiliac joints. The prevalence rate of pregnancy-related LBP and PGP is estimated to be about 50% during pregnancy.<\/p>\n<p><img fetchpriority=\"high\" decoding=\"async\" src=\"https:\/\/charlesdg.com\/wp-content\/uploads\/2020\/02\/a.jpg\" sizes=\"(max-width: 600px) 100vw, 600px\" srcset=\"https:\/\/charlesdg.com\/wp-content\/uploads\/2020\/02\/a.jpg 600w, https:\/\/charlesdg.com\/wp-content\/uploads\/2020\/02\/a-300x140.jpg 300w\" alt=\"\" width=\"600\" height=\"279\" \/><\/p>\n<p>Figure 1 : CARTWRIGHT, J. (2019, August 29)<sup>3<\/sup><\/p>\n<p style=\"margin-left: .25in; mso-add-space: auto;\">The causes of Pelvic girdle pain are uncertain and probably multifactorial. The pelvis transfers load from the trunk to the legs and this requires a stable pelvis. Overload of the ligaments of the pelvis may be a result of impaired load transfer during activities and hence have an in\ufb02uence on PGP. The sacrospinous and the long dorsal sacroiliac ligament are\u00a0both thought to be a possible source of pain in PGP. The changes in spinal curvature during pregnancy as well as frequent or sustained pain-provoking postures might in\ufb02uence the pelvic ligaments, causing pain<sup>1<\/sup>.<\/p>\n<p><img decoding=\"async\" src=\"https:\/\/charlesdg.com\/wp-content\/uploads\/2020\/02\/b.png\" sizes=\"(max-width: 625px) 100vw, 625px\" srcset=\"https:\/\/charlesdg.com\/wp-content\/uploads\/2020\/02\/b.png 625w, https:\/\/charlesdg.com\/wp-content\/uploads\/2020\/02\/b-300x203.png 300w\" alt=\"\" width=\"625\" height=\"423\" \/><\/p>\n<p>Figure 2 <sup>4<\/sup><\/p>\n<p style=\"margin-left: .25in; mso-add-space: auto;\">According to the European guideline for PGP, individualized exercises to treat PGP in pregnancy are recommended. <sup>1<\/sup><\/p>\n<p style=\"margin-left: .25in; mso-add-space: auto;\"><sup>\u00a0<\/sup>Moreover, there is few evidence that exercises can prevent Pelvic girdle pain and low back pain. \u00a0Further, women who reported high-impact exercise 3\u20135 times per week before pregnancy, like running or jumping, had a 14% lower risk of developing severe PGP in pregnancy compared with non-exercisers. <sup>1<\/sup><\/p>\n<p style=\"margin-left: .25in; mso-add-space: auto; text-indent: -.25in; mso-list: l0 level1 lfo1;\"><span style=\"text-decoration: underline;\">Pelvic \ufb02oor dysfunction<\/span><\/p>\n<p style=\"margin-left: .25in; mso-add-space: auto;\">Pelvic \ufb02oor dysfunction (PFD) is de\ufb01ned as the presence of symptoms as a complaint of involuntary passing of urine, involuntary passing of faeces or \ufb02atus or pelvic organ prolapses. The conditions can present separately or coexist. <sup>1<\/sup><\/p>\n<p style=\"margin-left: .25in; mso-add-space: auto;\">Involuntary passing of urine and \/ or \u00a0faeces or \ufb02atus are cause by either stress; the complaint of involuntary leakage on effort or exertion (eg, sporting activities), or by sneezing or coughing. They can be cause also by a sentiment of urgency.<sup>1<\/sup><\/p>\n<p style=\"margin-left: .25in;\">Pelvic organ prolapse (POP) is \u2018the descent of one or more of the anterior vaginal walls, posterior vaginal wall, the uterus (cervix), or the apex of the vagina (vaginal vault or cuff scar after hysterectomy)\u2019. The presence of any such sign should be correlated with relevant POP symptoms. POP ranges from asymptomatic minor changes in vaginal support, common after childbirth, to severe vaginal bulging for which women choose treatment. <sup>1<\/sup><\/p>\n<p style=\"margin-left: .25in; mso-add-space: auto;\"><sup>\u00a0<\/sup>Risk factors for PFDs include pregnancy and childbirth-related factors (injuries to peripheral nerves, connective tissue and muscles), heritage and ethnicity, obesity, behavioural factors,<\/p>\n<p style=\"margin-left: .25in; mso-add-space: auto;\">ageing, and strenuous work. Vaginal birth is the strongest risk factor for POP in women of all ages, while vaginal birth increases the risk for involuntary passing of urine by about two-fold in younger and middle-aged women, but no longer plays a role in older women. <sup>1<\/sup><\/p>\n<p style=\"margin-left: .25in; mso-add-space: auto;\">According to the most recent Cochrane review, in the general population, pregnant women without randomly assigned to intensive antenatal pelvic \ufb02oor muscle training were less likely to report involuntary passing of urine and faeces or \ufb02atus up to 6 months after delivery. <sup>1<\/sup><\/p>\n<p style=\"margin-left: .25in; mso-add-space: auto; text-indent: -.25in; mso-list: l0 level1 lfo1;\">\u00a0 <!--[endif]--><span style=\"text-decoration: underline;\">Diastasis recti abdominis<\/span><\/p>\n<p style=\"margin-left: .25in; mso-add-space: auto;\">Diastasis recti abdominis (DRA) is an impairment with midlinen separation of the two rectus abdominis muscles along the linean alba. <sup>1 <\/sup>Prevalence rates (with and without protrusion\/hernia) during pregnancy vary between 27% and 100% in the second and third trimester. <sup>1 <\/sup>There is no evidence in the current literature that exercises or training abdominal can prevent or help with the diastasis of recti abdominis.<\/p>\n<p style=\"margin-left: .25in; mso-add-space: auto; text-indent: -.25in; mso-list: l0 level1 lfo1;\">\u00a0<!--[endif]--><strong>Exercises Recommendation<\/strong><\/p>\n<p>Through this article, they were few evidences that exercises could prevent or diminish symptoms of pelvic gridle pain, lower back pain and the diastasis of the recti abdominis. Moreover, pelvic floor strengthening seems to be the best way to prevent pelvic \ufb02oor dysfunction during and after pregnancy. Will be presented in the following pages sevens exercises to strengthen this region.<\/p>\n<p>Through this article, they were few evidences that exercises could prevent or diminish symptoms of pelvic gridle pain, lower back pain and the diastasis of the recti abdominis. Moreover, pelvic floor strengthening seems to be the best way to prevent pelvic \ufb02oor dysfunction during and after pregnancy. Will be presented in the following pages sevens exercises to strengthen this region.<\/p>\n<p><u>Activation of the pelvic floor<\/u> <sup>2<\/sup><\/p>\n<p>Starting position: Lie on your back, find your pelvic floor muscles. To do this, contract the muscle between your vagina and your anus by pulling its center inward. Avoid contracting your glutes while contracting your pelvic floor. Be careful to not contract the urinary and \/ or anal sphincters muscle instead.<\/p>\n<p>Step 1 : Breathe in and contract your pelvic floor<\/p>\n<p>Step 2: Breathe out and relax the muscles<\/p>\n<p>Repeat for ten to twenty breath<\/p>\n<p><u>Activation of the transverse abdominis and the pelvic floor<\/u> <sup>2<\/sup><\/p>\n<p>Lie on your back and contract simultaneously your transverse abdominis and your pelvic floor muscles. Repeat the same protocol as seen in the two previous exercises<\/p>\n<p>&nbsp;<\/p>\n<p><img decoding=\"async\" src=\"https:\/\/charlesdg.com\/wp-content\/uploads\/2020\/02\/c.png\" sizes=\"(max-width: 511px) 100vw, 511px\" srcset=\"https:\/\/charlesdg.com\/wp-content\/uploads\/2020\/02\/c.png 511w, https:\/\/charlesdg.com\/wp-content\/uploads\/2020\/02\/c-300x176.png 300w\" alt=\"\" width=\"511\" height=\"299\" \/><\/p>\n<p>Figure 3 : Gordon &amp; Reed,. (2018)\u00a0<sup>5<\/sup><\/p>\n<p><u>Half-bridge<\/u> <sup>2<\/sup><\/p>\n<p>Ascent: Lie on your back, knee bent at 90<sup>o<\/sup> and feet to the width of your hips. Breathe out, lift your hips up. Breathe in and keep the position. Contract your transverse abdominis<\/p>\n<p>Descent: Breathe out and unfold one vertebra at the time on the ground from the head to the hips. Breath in, relax your transverse abdominis and repeat for ten to twenty breath.<\/p>\n<p><u>Table<\/u> <sup>2<\/sup><\/p>\n<p>Starting position: In quadruped position, knees under the hips, hands under the shoulders and a straight back<\/p>\n<p>Step 1 : Breathe out, extend the right leg until it is horizontal. Simultaneously, extend the left arm until it is horizontal, with your thumb pointing the ceiling.<\/p>\n<p>Step 2 : Breathe in and come back to the starting position. Repeat on each side for ten to twenty breath.<\/p>\n<p>Tips : if too difficult, raise only one limb at the time. You shouldn\u2019t rotate or twist while your elevating your limbs<\/p>\n<p><u>Plank<\/u> <sup>2<\/sup><\/p>\n<p>Starting position: Facing the ground, resting on the elbows slightly apart and put your feet together.<\/p>\n<p>Step 1 : Engage the transverse abdominis and the pelvic floor. Image to Pull your shoulder blades towards your back pockets.<\/p>\n<p>Step 2 : Push on your elbow and your feet to get of the ground Squeeze your glutes and maintain that position from 5 to 30 breath.<\/p>\n<p>Tips: Be careful to always have a straight back. Your hips should be at the same level as your shoulders<\/p>\n<p><u>Pelvic equilibration<\/u> <sup>2<\/sup><\/p>\n<p>Starting position: Lie on the back. Your knees should be bent and legs and feet hip-width apart, with a cousin or ball between the knees. Arms along the body, palms against the ground<\/p>\n<p>Step 1 : Breathe out, push your knee together, engage the transverse abdominis and the pelvic floor and lift your hips off the ground. Be careful to put the same amount of pressure under each foot. Breathe in and maintain the position.<\/p>\n<p>Step 2 : Breathe out, unfold one vertebra at the time on the ground from the head to the hips\u00a0 Keep pushing your knee together and engaging the transverse abdominis and the pelvic floor. Once your back again the floor, breathe in and relax your knees, the transverse abdominis and the pelvic floor muscles. Repeat for 10 breath<\/p>\n<p>Tips : Be careful to keep your knees align with your hips.<\/p>\n<p>&nbsp;<\/p>\n<p><strong>Reference :<\/strong><\/p>\n<ol>\n<li>B\u00f8 K, et al. Br J Sports Med 2016;50:571\u2013589. doi:10.1136\/bjsports-2016-096218<\/li>\n<li>Harvey JF,2011, Chapitre 6\u00a0: Les exercices, Par\u00e9 E (Ed), L\u2019entra\u00eenement spinal\u00a0: 80 exercises pour en finir avec les maux de dos (pp113-115,178,181,184,193), Montr\u00e9al, Qu\u00e9bec, Les \u00e9ditions de l\u2019homme<\/li>\n<li>CARTWRIGHT, J. (2019, August 29). 5 Life Hacks to Help Relieve Pelvic Girdle Pain (PGP). Retrieved December 2, 2020, from https:\/\/sportandspinalphysio.com.au\/5-life-hacks-to-help-relieve-pelvic-girdle-pain-pgp\/<\/li>\n<li>Unknown, (2016, September 11). Common presentations and diagnostic techniques. Retrieved February 14, 2020, from https:\/\/musculoskeletalkey.com\/common-presentations-and-diagnostic-techniques\/#f0190<\/li>\n<li>Emerich Gordon, K., &amp; Reed, O. (2018). The Role of the Pelvic Floor in Respiration: A Multidisciplinary Literature Review. Journal of Voice. https:\/\/doi.org\/10.1016\/j.jvoice.2018.09.024<\/li>\n<\/ol>\n<p style=\"margin-left: .25in; mso-add-space: auto;\"><b>Related articles :<\/b><\/p>\n<p style=\"margin-left: .25in; mso-add-space: auto;\">Benjamin DR, van de Water AT, Peiris CL. Effects of exercise on diastasis of the rectus abdominis muscle in the antenatal and postnatal periods: a systematic review. Physiotherapy 2014;100:1\u20138.<\/p>\n<p style=\"margin-left: .25in; mso-add-space: auto;\">Boyle R, Hay-Smith EJ, Cody JD, et al. Pelvic \ufb02oor muscle training for prevention and treatment of urinary and faecal incontinence in antenatal and postnatal women. Cochrane Database Syst Rev 2012;(10):CD007471.<\/p>\n<p style=\"margin-left: .25in; mso-add-space: auto;\">Bump RC, Norton PA. Epidemiology and natural history of pelvic \ufb02oor dysfunction. Obstet Gynecol Clin North Am 1998;25:723\u201346.<\/p>\n<p style=\"margin-left: .25in; mso-add-space: auto;\">Haakstad LA, Bo K. Effect of a regular exercise programme on pelvic girdle and low back pain in previously inactive pregnant women: a randomized controlled trial. J Rehabil Med 2015;47:229\u201334.<\/p>\n<p style=\"margin-left: .25in; mso-add-space: auto;\">Haakstad L, Telenius E, B\u00f8 K. Exercise and pelvic girdle pain during pregnancy. Are there any associations? Open J Obstet Gynecol 2013;3:520\u20137.<\/p>\n<p style=\"margin-left: .25in; mso-add-space: auto;\">Kari B\u00f8, Marie Ellstr\u00f8m Engh, Gunvor Hilde,\u00a0 Regular Exercisers Have Stronger Pelvic Floor Muscles than Non-Regular Exercisers at Midpregnancy, American Journal of Obstetrics and Gynecology, , DOI: 10.1016\/j.ajog.2017.12.220<\/p>\n<p style=\"margin-left: .25in;\">Ostgaard HC, Zetherstrom G, Roos-Hansson E, et al. Reduction of back and posterior pelvic pain in pregnancy. Spine 1994;19:894\u2013900<\/p>\n<p style=\"margin-left: .25in;\">Owe KM, Bjelland EK, Stuge B, et al. Exercise level before pregnancy and engaging in high-impact sports reduce the risk of pelvic girdle pain: a population-based cohort study of 39 184 women. Br J Sports Med Published Online First: 4 October 2015 doi:10.1136\/bjsports-2015-094921<\/p>\n<p style=\"margin-left: .25in; mso-add-space: auto;\">Ostgaard HC, Zetherstrom G, Roos-Hansson E, et al. Reduction of back and posterior pelvic pain in pregnancy. Spine 1994;19:894\u2013900<\/p>\n<p style=\"margin-left: .25in; mso-add-space: auto;\">Stafne SN, Salvesen KA, Romundstad PR, et al. Does regular exercise during pregnancy in\ufb02uence lumbopelvic pain? A randomized controlled trial. Acta Obstet Gynecol Scand 2012;91:552\u20139.<\/p>\n<p style=\"margin-left: .25in; mso-add-space: auto;\">Vleeming A, Albert HB, Ostgaard HC, et al. European guidelines for the diagnosis and treatment of pelvic girdle pain. Eur Spine J 2008;17:794\u2013819.<\/p>\n","protected":false},"excerpt":{"rendered":"<p>PREGNANCY This is the first of a series of two articles regarding musculoskeletal clinical issues and phycological change in the women body during and after pregnancy and how exercises can help to reduces the symptom of these ones. The aim of this article is to answer questions that some women may have and help them [&hellip;]<\/p>\n","protected":false},"author":2,"featured_media":0,"parent":0,"menu_order":0,"comment_status":"closed","ping_status":"closed","template":"","meta":[],"_links":{"self":[{"href":"https:\/\/charlesdg.com\/index.php?rest_route=\/wp\/v2\/pages\/341"}],"collection":[{"href":"https:\/\/charlesdg.com\/index.php?rest_route=\/wp\/v2\/pages"}],"about":[{"href":"https:\/\/charlesdg.com\/index.php?rest_route=\/wp\/v2\/types\/page"}],"author":[{"embeddable":true,"href":"https:\/\/charlesdg.com\/index.php?rest_route=\/wp\/v2\/users\/2"}],"replies":[{"embeddable":true,"href":"https:\/\/charlesdg.com\/index.php?rest_route=%2Fwp%2Fv2%2Fcomments&post=341"}],"version-history":[{"count":10,"href":"https:\/\/charlesdg.com\/index.php?rest_route=\/wp\/v2\/pages\/341\/revisions"}],"predecessor-version":[{"id":380,"href":"https:\/\/charlesdg.com\/index.php?rest_route=\/wp\/v2\/pages\/341\/revisions\/380"}],"wp:attachment":[{"href":"https:\/\/charlesdg.com\/index.php?rest_route=%2Fwp%2Fv2%2Fmedia&parent=341"}],"curies":[{"name":"wp","href":"https:\/\/api.w.org\/{rel}","templated":true}]}}