{"id":396,"date":"2020-02-14T17:52:23","date_gmt":"2020-02-14T17:52:23","guid":{"rendered":"https:\/\/charlesdg.com\/?page_id=396"},"modified":"2020-02-14T18:37:14","modified_gmt":"2020-02-14T18:37:14","slug":"services","status":"publish","type":"page","link":"https:\/\/charlesdg.com\/?page_id=396","title":{"rendered":"Services"},"content":{"rendered":"\t\t<div data-elementor-type=\"wp-page\" data-elementor-id=\"396\" class=\"elementor elementor-396\">\n\t\t\t\t\t\t<section class=\"elementor-section elementor-top-section elementor-element elementor-element-fc677bc elementor-section-boxed elementor-section-height-default elementor-section-height-default\" data-id=\"fc677bc\" data-element_type=\"section\">\n\t\t\t\t\t\t<div class=\"elementor-container elementor-column-gap-default\">\n\t\t\t\t\t<div class=\"elementor-column elementor-col-100 elementor-top-column elementor-element elementor-element-7254a33\" data-id=\"7254a33\" data-element_type=\"column\">\n\t\t\t<div class=\"elementor-widget-wrap elementor-element-populated\">\n\t\t\t\t\t\t<div class=\"elementor-element elementor-element-696372d elementor-widget elementor-widget-heading\" data-id=\"696372d\" data-element_type=\"widget\" data-widget_type=\"heading.default\">\n\t\t\t\t<div class=\"elementor-widget-container\">\n\t\t\t<h2 class=\"elementor-heading-title elementor-size-medium\"><b style=\"font-size: 20px;\"><span lang=\"FR-CA\">Coaching<\/span><\/b><br><\/h2>\t\t<\/div>\n\t\t\t\t<\/div>\n\t\t\t\t\t<\/div>\n\t\t<\/div>\n\t\t\t\t\t<\/div>\n\t\t<\/section>\n\t\t\t\t<section class=\"elementor-section elementor-top-section elementor-element elementor-element-d5b0863 elementor-section-boxed elementor-section-height-default elementor-section-height-default\" data-id=\"d5b0863\" data-element_type=\"section\" data-settings=\"{&quot;background_background&quot;:&quot;classic&quot;}\">\n\t\t\t\t\t\t<div class=\"elementor-container elementor-column-gap-default\">\n\t\t\t\t\t<div class=\"elementor-column elementor-col-33 elementor-top-column elementor-element elementor-element-2b722b2\" data-id=\"2b722b2\" data-element_type=\"column\">\n\t\t\t<div class=\"elementor-widget-wrap elementor-element-populated\">\n\t\t\t\t\t\t<div class=\"elementor-element elementor-element-412051f elementor-widget elementor-widget-text-editor\" data-id=\"412051f\" data-element_type=\"widget\" data-widget_type=\"text-editor.default\">\n\t\t\t\t<div class=\"elementor-widget-container\">\n\t\t\t\t\t\t\t<p>REHABILITATION<\/p>\n<p>An individualized program base on sport science made to address<br>your injury and bring you back to your optimal level of health. Your program<br>can always be adjusted to suit your recovery process.<\/p>\n<p><br><\/p><p><br><\/p>\n<p><span style=\"font-size: 14px;\">Include:&nbsp;<\/span><br><\/p>\n<p><span style=\"font-size: 14px; text-indent: -0.25in; font-family: Wingdings;\">\u00d8<span style=\"font: 7.0pt 'Times New Roman';\">&nbsp;<\/span><\/span><span style=\"font-size: 14px; text-indent: -0.25in;\">A training program design to help you recover<br>from your injury<\/span><\/p>\n<p><span style=\"font-family: Wingdings; font-size: 14px; text-indent: -0.25in;\">\u00d8<\/span><span style=\"font: 7pt 'Times New Roman'; text-indent: -0.25in;\">&nbsp;&nbsp;<\/span><span style=\"font-size: 14px; text-indent: -0.25in;\">Plan made for 3 to 8 weeks<\/span><\/p>\n<p><span style=\"font-size: 14px; text-indent: -0.25in; font-family: Wingdings;\">\u00d8<span style=\"font: 7.0pt 'Times New Roman';\">&nbsp;<\/span><\/span><span style=\"font-size: 14px; text-indent: -0.25in;\">Detail program to maximize your autonomy in your training<\/span><\/p>\n<p><span style=\"font-family: Wingdings; font-size: 14px; text-indent: -0.25in;\">\u00d8<\/span><span style=\"font: 7pt 'Times New Roman'; text-indent: -0.25in;\">&nbsp;<\/span><span style=\"font-size: 14px; text-indent: -0.25in;\">Weekly Follow-ups<\/span><\/p>\n<p><span style=\"font-family: Wingdings; font-size: 14px; text-indent: -0.25in;\">\u00d8<\/span><span style=\"font: 7pt 'Times New Roman'; text-indent: -0.25in;\">&nbsp;<\/span><span style=\"font-size: 14px; text-indent: -0.25in;\">Video analysis&nbsp;<\/span><\/p>\n<p><span style=\"font-family: Wingdings; font-size: 14px; text-indent: -0.25in;\">\u00d8<\/span><span style=\"font: 7pt 'Times New Roman'; text-indent: -0.25in;\">&nbsp;<\/span><span style=\"font-size: 14px; text-indent: -0.25in;\">Any questions will be answer within 24h delay&nbsp;<\/span><span style=\"font-size: 14px; text-indent: -0.25in;\">guaranteed<\/span><\/p>\n<p><\/p>\t\t\t\t\t\t<\/div>\n\t\t\t\t<\/div>\n\t\t\t\t\t<\/div>\n\t\t<\/div>\n\t\t\t\t<div class=\"elementor-column elementor-col-33 elementor-top-column elementor-element elementor-element-edf2502\" data-id=\"edf2502\" data-element_type=\"column\">\n\t\t\t<div class=\"elementor-widget-wrap elementor-element-populated\">\n\t\t\t\t\t\t<div class=\"elementor-element elementor-element-a861d97 elementor-widget elementor-widget-text-editor\" data-id=\"a861d97\" data-element_type=\"widget\" data-widget_type=\"text-editor.default\">\n\t\t\t\t<div class=\"elementor-widget-container\">\n\t\t\t\t\t\t\t<p>FITNESS<\/p><p>You need to improve your performance in a given sport? You want to be in better shape? Or do you want simply to lose a couple extra pounds?\u00a0 I will work with you so you can be the strongest version of yourself. With methods based on sport science, I will help you optimize your training efficiency so you can improve your health, minimize injury risk and enhance your sport performances<\/p><p>Include:\u00a0<\/p><p><span style=\"font-size: 14px; text-indent: -0.25in;\"><span style=\"font-family: Wingdings;\">\u00d8<\/span><span style=\"font: 7pt 'Times New Roman';\">\u00a0<\/span><\/span><span style=\"font-family: Calibri, sans-serif; font-size: 11pt;\">A\u00a0<\/span><span style=\"font-size: 14px; text-indent: -0.25in;\">training program design to help you be stronger\u00a0<\/span><span style=\"font-size: 14px; text-indent: -0.25in;\">and healthier<\/span><\/p><p style=\"text-indent: -.25in; mso-list: l0 level1 lfo1;\">\u00a0<\/p><p><span style=\"font-family: Wingdings; font-size: 14px; text-indent: -0.25in;\">\u00d8<\/span><span style=\"font: 7pt 'Times New Roman'; text-indent: -0.25in;\">\u00a0\u00a0<\/span><span style=\"font-size: 14px; text-indent: -0.25in;\">Plan made for 3 to 6 weeks<\/span><\/p><p><span style=\"font-size: 14px; text-indent: -0.25in; font-family: Wingdings;\">\u00d8<span style=\"font: 7.0pt 'Times New Roman';\">\u00a0<\/span><\/span><span style=\"font-size: 14px; text-indent: -0.25in;\">Detail program to maximize your autonomy in your training<\/span><\/p><p><span style=\"font-family: Wingdings; font-size: 14px; text-indent: -0.25in;\">\u00d8<\/span><span style=\"font: 7pt 'Times New Roman'; text-indent: -0.25in;\">\u00a0<\/span><span style=\"font-size: 14px; text-indent: -0.25in;\">Weekly Follow-ups<\/span><\/p><p><span style=\"font-family: Wingdings; font-size: 14px; text-indent: -0.25in;\">\u00d8<\/span><span style=\"font: 7pt 'Times New Roman'; text-indent: -0.25in;\">\u00a0<\/span><span style=\"font-size: 14px; text-indent: -0.25in;\">Video analysis\u00a0<\/span><\/p><p><span style=\"font-family: Wingdings; font-size: 14px; text-indent: -0.25in;\">\u00d8<\/span><span style=\"font: 7pt 'Times New Roman'; text-indent: -0.25in;\">\u00a0<\/span><span style=\"font-size: 14px; text-indent: -0.25in;\">Any questions will be answer within 24h delay\u00a0<\/span><span style=\"font-size: 14px; text-indent: -0.25in;\">guaranteed<\/span><\/p><p>\u00a0<\/p>\t\t\t\t\t\t<\/div>\n\t\t\t\t<\/div>\n\t\t\t\t\t<\/div>\n\t\t<\/div>\n\t\t\t\t<div class=\"elementor-column elementor-col-33 elementor-top-column elementor-element elementor-element-54ab4d2\" data-id=\"54ab4d2\" data-element_type=\"column\">\n\t\t\t<div class=\"elementor-widget-wrap elementor-element-populated\">\n\t\t\t\t\t\t<div class=\"elementor-element elementor-element-dedb986 elementor-widget elementor-widget-text-editor\" data-id=\"dedb986\" data-element_type=\"widget\" data-widget_type=\"text-editor.default\">\n\t\t\t\t<div class=\"elementor-widget-container\">\n\t\t\t\t\t\t\t<p>RUNNING<\/p>\n<p>Perfect for addressing your longtime running injuries, perfect your<br>running technique or want help to prepare for an upcoming competition. A<br>program base on sport science, will help you improve your overall running<br>efficiency and minimized your injury risk.<\/p><p><br><\/p>\n<p><span style=\"font-size: 14px;\">Include:&nbsp;<\/span><\/p>\n<p><span style=\"font-size: 14px; text-indent: -0.25in; font-family: Wingdings;\">\u00d8<span style=\"font: 7.0pt 'Times New Roman';\">&nbsp;<\/span><\/span><span style=\"font-size: 14px; text-indent: -0.25in;\">A training program design to help you improve your running performances<\/span><\/p>\n<p style=\"text-indent: -.25in; mso-list: l0 level1 lfo1;\">\n<\/p><p><span style=\"font-family: Wingdings; font-size: 14px; text-indent: -0.25in;\">\u00d8<\/span><span style=\"font: 7pt 'Times New Roman'; text-indent: -0.25in;\">&nbsp;&nbsp;<\/span><span style=\"font-size: 14px; text-indent: -0.25in;\">Plan made for 3 to 6 weeks<\/span><\/p>\n<p><span style=\"font-size: 14px; text-indent: -0.25in; font-family: Wingdings;\">\u00d8<span style=\"font: 7.0pt 'Times New Roman';\">&nbsp;<\/span><\/span><span style=\"font-size: 14px; text-indent: -0.25in;\">Detail program to maximize your autonomy in your training<\/span><\/p>\n<p><span style=\"font-family: Wingdings; font-size: 14px; text-indent: -0.25in;\">\u00d8<\/span><span style=\"font: 7pt 'Times New Roman'; text-indent: -0.25in;\">&nbsp;<\/span><span style=\"font-size: 14px; text-indent: -0.25in;\">Weekly Follow-ups<\/span><\/p>\n<p><span style=\"font-family: Wingdings; font-size: 14px; text-indent: -0.25in;\">\u00d8<\/span><span style=\"font: 7pt 'Times New Roman'; text-indent: -0.25in;\">&nbsp;<\/span><span style=\"font-size: 14px; text-indent: -0.25in;\">Video analysis&nbsp;<\/span><\/p>\n<p><span style=\"font-family: Wingdings; font-size: 14px; text-indent: -0.25in;\">\u00d8<\/span><span style=\"font: 7pt 'Times New Roman'; text-indent: -0.25in;\">&nbsp;<\/span><span style=\"font-size: 14px; text-indent: -0.25in;\">Any questions will be answer within 24h delay&nbsp;<\/span><span style=\"font-size: 14px; text-indent: -0.25in;\">guaranteed<\/span><\/p>\n<p><\/p>\t\t\t\t\t\t<\/div>\n\t\t\t\t<\/div>\n\t\t\t\t\t<\/div>\n\t\t<\/div>\n\t\t\t\t\t<\/div>\n\t\t<\/section>\n\t\t\t\t<section class=\"elementor-section elementor-top-section elementor-element elementor-element-d213558 elementor-section-boxed elementor-section-height-default elementor-section-height-default\" data-id=\"d213558\" data-element_type=\"section\">\n\t\t\t\t\t\t<div class=\"elementor-container elementor-column-gap-default\">\n\t\t\t\t\t<div class=\"elementor-column elementor-col-100 elementor-top-column elementor-element elementor-element-706ff03\" data-id=\"706ff03\" data-element_type=\"column\">\n\t\t\t<div class=\"elementor-widget-wrap elementor-element-populated\">\n\t\t\t\t\t\t<div class=\"elementor-element elementor-element-053d694 elementor-widget elementor-widget-heading\" data-id=\"053d694\" data-element_type=\"widget\" data-widget_type=\"heading.default\">\n\t\t\t\t<div class=\"elementor-widget-container\">\n\t\t\t<h2 class=\"elementor-heading-title elementor-size-default\">Training Plans<\/h2>\t\t<\/div>\n\t\t\t\t<\/div>\n\t\t\t\t\t<\/div>\n\t\t<\/div>\n\t\t\t\t\t<\/div>\n\t\t<\/section>\n\t\t\t\t<section class=\"elementor-section elementor-top-section elementor-element elementor-element-434f4a6 elementor-section-boxed elementor-section-height-default elementor-section-height-default\" data-id=\"434f4a6\" data-element_type=\"section\" data-settings=\"{&quot;background_background&quot;:&quot;classic&quot;}\">\n\t\t\t\t\t\t<div class=\"elementor-container elementor-column-gap-default\">\n\t\t\t\t\t<div class=\"elementor-column elementor-col-100 elementor-top-column elementor-element elementor-element-b9e29ff\" data-id=\"b9e29ff\" data-element_type=\"column\">\n\t\t\t<div class=\"elementor-widget-wrap elementor-element-populated\">\n\t\t\t\t\t\t<div class=\"elementor-element elementor-element-26cb37b elementor-widget elementor-widget-text-editor\" data-id=\"26cb37b\" data-element_type=\"widget\" data-widget_type=\"text-editor.default\">\n\t\t\t\t<div class=\"elementor-widget-container\">\n\t\t\t\t\t\t\t<h4>For those who like to train by themselves. You can find a program that will suit your goal! My programs are based on exercises science and individualize according to your needs to provide you the best results.<\/h4><p><b><span style=\"font-size: 11.0pt; line-height: 107%;\">Sport Specific Program<\/span><\/b><span style=\"font-size: 11.0pt; line-height: 107%;\">:\u00a0 2-4 days\/weeks P<\/span><span style=\"font-family: Calibri, sans-serif; font-size: 11pt;\">rogram design to enhance your performance for your sport.<\/span><\/p><p><b><span style=\"font-size: 11.0pt; line-height: 107%;\">Weight Loss Program:\u00a0<\/span><\/b><span style=\"font-family: Calibri, sans-serif; font-size: 11pt;\">2-4 days \/ week program design to help your reach your ideal weight.<\/span><span style=\"font-family: Calibri, sans-serif; font-size: 11pt;\"><br \/><\/span><\/p><p><b><span style=\"font-size: 11.0pt; line-height: 107%;\">Get back in Shape Program:\u00a0 <\/span><\/b><span style=\"font-size: 14px; text-indent: -0.25in;\">2-4 days \/week program design to help you reach optimal health.<\/span><\/p><p><b><span style=\"font-size: 11.0pt; line-height: 107%;\">Running Program<\/span><\/b><span style=\"font-size: 11.0pt; line-height: 107%;\"> :\u00a0 <\/span><span style=\"font-size: 14px; text-indent: -0.25in;\">2-4 days \/week program design to improve your running technique and performance.<\/span><\/p>\t\t\t\t\t\t<\/div>\n\t\t\t\t<\/div>\n\t\t\t\t\t<\/div>\n\t\t<\/div>\n\t\t\t\t\t<\/div>\n\t\t<\/section>\n\t\t\t\t<\/div>\n\t\t","protected":false},"excerpt":{"rendered":"<p>Coaching REHABILITATION An individualized program base on sport science made to addressyour injury and bring you back to your optimal level of health. Your programcan always be adjusted to suit your recovery process. Include:&nbsp; \u00d8&nbsp;A training program design to help you recoverfrom your injury \u00d8&nbsp;&nbsp;Plan made for 3 to 8 weeks \u00d8&nbsp;Detail program to maximize [&hellip;]<\/p>\n","protected":false},"author":2,"featured_media":0,"parent":0,"menu_order":0,"comment_status":"closed","ping_status":"closed","template":"","meta":[],"_links":{"self":[{"href":"https:\/\/charlesdg.com\/index.php?rest_route=\/wp\/v2\/pages\/396"}],"collection":[{"href":"https:\/\/charlesdg.com\/index.php?rest_route=\/wp\/v2\/pages"}],"about":[{"href":"https:\/\/charlesdg.com\/index.php?rest_route=\/wp\/v2\/types\/page"}],"author":[{"embeddable":true,"href":"https:\/\/charlesdg.com\/index.php?rest_route=\/wp\/v2\/users\/2"}],"replies":[{"embeddable":true,"href":"https:\/\/charlesdg.com\/index.php?rest_route=%2Fwp%2Fv2%2Fcomments&post=396"}],"version-history":[{"count":10,"href":"https:\/\/charlesdg.com\/index.php?rest_route=\/wp\/v2\/pages\/396\/revisions"}],"predecessor-version":[{"id":410,"href":"https:\/\/charlesdg.com\/index.php?rest_route=\/wp\/v2\/pages\/396\/revisions\/410"}],"wp:attachment":[{"href":"https:\/\/charlesdg.com\/index.php?rest_route=%2Fwp%2Fv2%2Fmedia&parent=396"}],"curies":[{"name":"wp","href":"https:\/\/api.w.org\/{rel}","templated":true}]}}